{"id":1350,"date":"2014-07-10T18:24:48","date_gmt":"2014-07-10T16:24:48","guid":{"rendered":"http:\/\/pragmamark.org\/?page_id=1350"},"modified":"2014-09-16T18:18:14","modified_gmt":"2014-09-16T16:18:14","slug":"sponsor-pragma-conference-2014","status":"publish","type":"page","link":"https:\/\/pragmamark.org\/it\/sponsor\/sponsor-pragma-conference-2014\/","title":{"rendered":"Sponsor Pragma Conference 2014"},"content":{"rendered":"<p><\/p>\n<p><a href=\"#sponsor-microsoft\">Microsoft<\/a> \u2014 <a href=\"#sponsor-paypal\">PayPal Developer &#038; Braintree<\/a> \u2014 <a href=\"#sponsor-startapp\">Startapp<\/a> \u2014 <a href=\"#sponsor-baasbox\">BaasBox<\/a> \u2014 <a href=\"#sponsor-superpartes\">Superpartes<\/a> \u2014 <a href=\"#sponsor-raywenderlich\">Ray Wenderlich<\/a> \u2014 <a href=\"#sponsor-duckma\">DuckMa<\/a> \u2014 <a href=\"#sponsor-nsscreencast\">NSScreencast<\/a> \u2014 <a href=\"#sponsor-pixelcut\">PixelCut<\/a> \u2014 <a href=\"#sponsor-github\">GitHub<\/a> \u2014 <a href=\"#sponsor-jetbrains\">JetBrains<\/a> \u2014 <a href=\"#sponsor-potakoi\">PotaKOI<\/a> \u2014 <a href=\"#sponsor-oreilly\">O&#8217;Reilly Media<\/a> \u2014 <a href=\"#sponsor-appsterdam\">Appsterdam<\/a> \u2014 <a href=\"#sponsor-codemotion\">Codemotion<\/a> \u2014 <a href=\"#sponsor-mdevcon\">mdevcon<\/a> \u2014 <a href=\"#sponsor-pip\">Programmers in Padua<\/a> \u2014 <a href=\"#sponsor-pip\">*<\/a><\/p>\n<p>&nbsp;<\/p>\n<h2 class=\"page-title\">Platinum<\/h2>\n<hr \/>\n<p><a href=\"http:\/\/msdn.microsoft.com\/it-it\/\"><img decoding=\"async\" loading=\"lazy\" class=\"alignnone size-thumbnail wp-image-470\" id=\"sponsor-microsoft\" alt=\"Microsoft\" src=\"http:\/\/pragmamark.org\/wp-content\/uploads\/2014\/09\/sponsor-microsoft-2014.png\" width=\"272\" height=\"100\" \/><\/a><br \/>\n<strong>Microsoft Developer Network<\/strong><br \/>\n<a href=\"http:\/\/msdn.microsoft.com\/it-it\/\">http:\/\/msdn.microsoft.com\/it-it\/<\/a><\/p>\n<p>Find all the resources you need to build apps and services that scale to a broad range of devices and the cloud. Get in touch with developer communities and technical experts in Microsoft Developer Network.<\/p>\n<p>&nbsp;<\/p>\n<h2 class=\"page-title\">Platinum<\/h2>\n<hr \/>\n<p><a href=\"http:\/\/www.braintreepayments.com\/\"><img decoding=\"async\" loading=\"lazy\" id=\"sponsor-paypal\" class=\"alignnone size-thumbnail wp-image-470\" src=\"http:\/\/pragmamark.org\/wp-content\/uploads\/2014\/08\/Paypal.png\" alt=\"PayPal\" width=\"360\" height=\"100\" \/><\/a><br \/>\n<strong>PayPal Developer &#038; Braintree<\/strong><br \/>\n<a href=\"http:\/\/www.braintreepayments.com\/\">http:\/\/www.braintreepayments.com\/<\/a><\/p>\n<p>With our v.zero SDK, you simply drop in a few lines of code and you\u2019re ready to accept one-time or recurring payments from millions of PayPal customers worldwide.<\/p>\n<p>&nbsp;<\/p>\n<h2 class=\"page-title\">Gold<\/h2>\n<hr \/>\n<p><a href=\"http:\/\/www.startapp.com\"><img decoding=\"async\" loading=\"lazy\" id=\"sponsor-startapp\" class=\"alignnone size-thumbnail wp-image-470\" src=\"http:\/\/pragmamark.org\/wp-content\/uploads\/2014\/09\/sponsor-startapp.png\" alt=\"Startapp\" width=\"220\" height=\"65\" \/><\/a><br \/>\n<strong>Startapp<\/strong><br \/>\n<a href=\"http:\/\/www.startapp.com\/\">http:\/\/www.startapp.com\/<\/a><\/p>\n<p>StartApp is a mobile advertising platform founded in late 2010.  StartApp deals with the two main parts of the mobile industry today: the monetization challenge that application developers face when trying to generate substantial revenue from their applications, and application distribution \u2013 earning a substantial number of downloads worldwide.<\/p>\n<p>&nbsp;<\/p>\n<h2 class=\"page-title\">Gold<\/h2>\n<hr \/>\n<p><a href=\"http:\/\/www.baasbox.com\/\"><img decoding=\"async\" loading=\"lazy\" id=\"sponsor-baasbox\" class=\"alignnone size-thumbnail wp-image-470\" src=\"http:\/\/pragmamark.org\/wp-content\/uploads\/2014\/07\/sponsor-baasbox.png\" alt=\"BaasBox\" width=\"360\" height=\"100\" \/><\/a><br \/>\n<strong>BaasBox<\/strong><br \/>\n<a href=\"http:\/\/www.baasbox.com\/\">http:\/\/www.baasbox.com\/<\/a><\/p>\n<p>BaasBox is a software that supports all app developers all across the globe who want to develop their apps at the fastest and most convenient rate.<br \/>\nThe \u201cBox\u201d in BaasBox means that all backend features are in a standalone server, just like a\u2026 box.<br \/>\nNo Application Server, no Database Server, just a JVM and nothing more.<br \/>\nAll you have to do is download BaasBox, install it wherever you want and connect your application to the Box.<\/p>\n<p>&nbsp;<\/p>\n<h2 class=\"page-title\">Silver<\/h2>\n<hr \/>\n<p><a href=\"http:\/\/superpartes.biz\/\"><img decoding=\"async\" loading=\"lazy\" id=\"sponsor-superpartes\" class=\"alignnone size-thumbnail wp-image-470\" src=\"http:\/\/pragmamark.org\/wp-content\/uploads\/2013\/08\/sponsor-superpartes.png\" alt=\"Superpartes\" width=\"150\" height=\"150\" \/><\/a><br \/>\n<strong>Superpartes \u2014 Co-fondiamo la tua startup.<\/strong><br \/>\n<a href=\"http:\/\/superpartes.biz\/\">http:\/\/superpartes.biz\/<\/a><\/p>\n<p>Investiamo in persone di talento, creiamo startup e insieme le facciamo diventare aziende capaci di avere successo nei mercati globali.<\/p>\n<p>&nbsp;<\/p>\n<h2 class=\"page-title\">Silver<\/h2>\n<hr \/>\n<p><a href=\"http:\/\/www.raywenderlich.com\/\"><img decoding=\"async\" loading=\"lazy\" id=\"sponsor-raywenderlich\" class=\"alignnone size-thumbnail wp-image-470\" src=\"http:\/\/pragmamark.org\/wp-content\/uploads\/2014\/07\/sponsor-raywenderlich.png\" alt=\"Ray Wenderlich\" width=\"400\" height=\"111\" \/><\/a><br \/>\n<strong>Ray Wenderlich \u2014 Tutorials for iPhone \/ iOS Developers and Gamers<\/strong><br \/>\n<a href=\"http:\/\/www.raywenderlich.com\/\">http:\/\/www.raywenderlich.com\/<\/a><\/p>\n<p>We\u2019re a community of writers, editors, and developers. We aim to make the most difficult tasks easy and fun to learn.<\/p>\n<p>Here developers from around the world team up to learn and share their knowledge with others, and form strong friendships along the way.<\/p>\n<p>&nbsp;<\/p>\n<h2 class=\"page-title\">Silver<\/h2>\n<hr \/>\n<p><a href=\"http:\/\/duckma.com\/\"><img decoding=\"async\" loading=\"lazy\" class=\"alignnone size-thumbnail wp-image-470\" id=\"sponsor-duckma\" alt=\"duckma\" src=\"http:\/\/pragmamark.org\/wp-content\/uploads\/2014\/08\/DuckMa_PragmaMark_rectangular.png\" width=\"400\" height=\"125\" \/><\/a><br \/>\n<strong>DuckMa \u2014 Soluzioni mobile<\/strong><br \/>\n<a title=\"http:\/\/duckma.com\/\" href=\"http:\/\/duckma.com\/\">http:\/\/duckma.com\/<\/a><\/p>\n<p>DuckMa, progetta, crea, sviluppa e comunica.<br \/>\nRealizziamo App mettendo insieme fantasia, semplicit\u00e0, creativit\u00e0 e professionalit\u00e0. Non importa quanto assurda l\u2019idea possa sembrare, la realizzeremo. Siamo alla continua scoperta di un mercato in evoluzione che premia chi, come noi, \u00e8 sempre aggiornato sulle ultime novit\u00e0.<br \/>\nNon inseguiamo il futuro, lo realizziamo.<\/p>\n<p>&nbsp;<\/p>\n<h2 class=\"page-title\">Silver<\/h2>\n<hr \/>\n<p><a href=\"http:\/\/nsscreencast.com\/\"><img decoding=\"async\" loading=\"lazy\" class=\"alignnone size-thumbnail wp-image-470\" id=\"sponsor-nsscreencast\" alt=\"nsscreencast\" src=\"http:\/\/pragmamark.org\/wp-content\/uploads\/2014\/08\/NSScreencast-Logo.png\" width=\"468\" height=\"126\" \/><\/a><br \/>\n<strong>NSScreencast \u2014 Weekly bite sized screencast on iOS development.<\/strong><br \/>\n<a title=\"http:\/\/nsscreencast.com\/\" href=\"http:\/\/nsscreencast.com\/\">http:\/\/nsscreencast.com\/<\/a><\/p>\n<p>NSScreencast features bite-sized videos on iOS development. If you&#8217;re interested in developing applications for iPhone &amp; iPad using Objective-C and Xcode, then you&#8217;ve come to the right place!<\/p>\n<p>&nbsp;<\/p>\n<h2 class=\"page-title\">Bronze<\/h2>\n<hr \/>\n<p><a href=\"http:\/\/www.pixelcut.com\/\"><img decoding=\"async\" loading=\"lazy\" id=\"sponsor-pixelcut\" class=\"alignnone size-thumbnail wp-image-470\" src=\"http:\/\/pragmamark.org\/wp-content\/uploads\/2014\/09\/sponsor-pixelcut.png\" alt=\"PixelCut\" width=\"100\" height=\"100\" \/><\/a><br \/>\n<strong>PixelCut<\/strong><br \/>\n<a href=\"http:\/\/www.pixelcut.com\/\">http:\/\/www.pixelcut.com\/<\/a><\/p>\n<p>We make PaintCode and WebCode, the popular developer tools &#038; drawing apps for Mac.<\/p>\n<p>&nbsp;<\/p>\n<h2 class=\"page-title\">Bronze<\/h2>\n<hr \/>\n<p><a href=\"http:\/\/github.com\/\"><img decoding=\"async\" loading=\"lazy\" id=\"sponsor-github\" class=\"alignnone size-thumbnail wp-image-470\" src=\"http:\/\/pragmamark.org\/wp-content\/uploads\/2013\/08\/sponsor-github.png\" alt=\"GitHub\" width=\"150\" height=\"150\" \/><\/a><br \/>\n<strong>GitHub \u2014 Build software better, together.<\/strong><br \/>\n<a href=\"http:\/\/github.com\/\">http:\/\/github.com\/<\/a><\/p>\n<p>GitHub is the best way to build software together. Whether it&#8217;s your company&#8217;s app, your favorite open source library, or a weekend side project, GitHub helps everyone work better by providing tools for easier collaboration and code sharing on any device. Start collaborating today \u2014 open source project hosting is free!<\/p>\n<p>&nbsp;<\/p>\n<h2 class=\"page-title\">Bronze<\/h2>\n<hr \/>\n<p><a href=\"http:\/\/www.jetbrains.com\/\"><img decoding=\"async\" loading=\"lazy\" id=\"sponsor-jetbrains\" class=\"alignnone size-thumbnail wp-image-470\" src=\"http:\/\/pragmamark.org\/wp-content\/uploads\/2013\/10\/sponsor-jetbrains.png\" alt=\"sponsor-jetbrains\" width=\"200\" height=\"77\" \/><\/a><br \/>\n<strong>JetBrains \u2014 The world&#8217;s leading vendor of smart developer tools<\/strong><br \/>\n<a title=\"http:\/\/www.jetbrains.com\/\" href=\"http:\/\/www.jetbrains.com\/\">http:\/\/www.jetbrains.com\/<\/a><\/p>\n<p>We are making people more productive through smart software solutions that help them focus more on what they really want to accomplish.<\/p>\n<p>&nbsp;<\/p>\n<h2 class=\"page-title\">Bronze<\/h2>\n<hr \/>\n<p><a href=\"http:\/\/www.potakoi.com\/\"><img decoding=\"async\" loading=\"lazy\" class=\"alignnone size-thumbnail wp-image-470\" id=\"sponsor-potakoi\" alt=\"PotaKOI\" src=\"http:\/\/pragmamark.org\/wp-content\/uploads\/2013\/11\/sponsor-potakoi.png\" width=\"312\" height=\"85\" \/><\/a><br \/>\n<strong>PotaKOI<\/strong><br \/>\n<a href=\"http:\/\/www.potakoi.com\/\">http:\/\/www.potakoi.com\/<\/a><\/p>\n<p>Societ\u00e0 impegnata in attivit\u00e0 di investimento in startup in diversi settori dell&#8217;hi-tech.<br \/>\nAttiva dal 2009 che ad oggi conta alcune partecipazioni nell&#8217;ecosistema delle Startup.<\/p>\n<p>&nbsp;<\/p>\n<h2 class=\"page-title\">Bronze<\/h2>\n<hr \/>\n<a href=\"http:\/\/oreilly.com\/\"><img decoding=\"async\" loading=\"lazy\" id=\"sponsor-oreilly\" class=\"alignnone size-thumbnail wp-image-470\" src=\"http:\/\/pragmamark.org\/wp-content\/uploads\/2013\/10\/sponsor-oreilly.png\" alt=\"O'Reilly Media\" width=\"300\" height=\"55\" \/><\/a>\n<p><strong>O&#8217;Reilly Media &#8211; Technology Books, Tech Conferences, IT Courses, News.<\/strong><\/p>\n<p><a href=\"http:\/\/oreilly.com\/\">http:\/\/oreilly.com\/<\/a><\/p>\n<p>O&#8217;Reilly Media spreads the knowledge of innovators through its books, online services, magazine, and conferences. Since 1978, O&#8217;Reilly has been a chronicler and catalyst of leading-edge development, homing in on the technology trends that really matter and spurring their adoption by amplifying &#8220;faint signals&#8221; from the alpha geeks who are creating the future. An active participant in the technology community, the company has a long history of advocacy, meme-making, and evangelism.<\/p>\n<p>&nbsp;<\/p>\n<h2 class=\"page-title\">Media Partner<\/h2>\n<hr \/>\n<p><a href=\"http:\/\/www.meetup.com\/AppsterdamMilan\/\"><img decoding=\"async\" loading=\"lazy\" id=\"sponsor-appsterdam\" class=\"alignnone size-thumbnail wp-image-470\" src=\"http:\/\/pragmamark.org\/wp-content\/uploads\/2013\/10\/sponsor-appsterdam.png\" alt=\"Appsterdam Milano\" width=\"150\" height=\"122\" \/><\/a><br \/>\n<strong>Appsterdam Milano<\/strong><br \/>\n<a href=\"http:\/\/www.meetup.com\/AppsterdamMilan\/\">http:\/\/www.meetup.com\/AppsterdamMilan\/<\/a><\/p>\n<p>If you want to make movies, go to Hollywood.<br \/>\nIf you want to make musicals, go to Broadway.<br \/>\nIf you want to make apps, go to Appsterdam.<\/p>\n<p>&nbsp;<\/p>\n<h2 class=\"page-title\">Media Partner<\/h2>\n<hr \/>\n<p><a href=\"http:\/\/www.codemotionworld.com\/ \"><img decoding=\"async\" loading=\"lazy\" id=\"sponsor-codemotion\" class=\"alignnone size-thumbnail wp-image-470\" src=\"http:\/\/pragmamark.org\/wp-content\/uploads\/2013\/10\/sponsor-codemotion.png\" alt=\"Codemotion\" width=\"420\" height=\"75\" \/><\/a><br \/>\n<strong>Codemotion \u2014 All languages and all platforms open event.<\/strong><br \/>\n<a href=\"http:\/\/www.codemotionworld.com\/\">http:\/\/www.codemotionworld.com\/<\/a><\/p>\n<p>Codemotion is the event open to all languages and technologies. To us, programming is an art. Who thinks that to develop software is a monotonous, mechanical activity with no stimuli or imagination, is wrong. We put our minds in it, and more than anything, we put out heart in it. Our recipe is easy: collaboration with the technical communities of developers; innovative contents; entertainment and enthusiasm.<\/p>\n<p>&nbsp;<\/p>\n<h2 class=\"page-title\">Media Partner<\/h2>\n<hr \/>\n<p><a href=\"http:\/\/mdevcon.com\/\"><img decoding=\"async\" loading=\"lazy\" id=\"sponsor-mdevcon\" class=\"alignnone size-thumbnail wp-image-470\" src=\"http:\/\/pragmamark.org\/wp-content\/uploads\/2014\/07\/sponsor-mdevcon.png\" alt=\"mdevcon\" width=\"321\" height=\"100\" \/><\/a><br \/>\n<strong>http:\/\/mdevcon.com<\/strong><br \/>\n<a href=\"http:\/\/mdevcon.com\/\">http:\/\/mdevcon.com\/<\/a><\/p>\n<p>The conference for\u00a0<strong>iOS<\/strong>,\u00a0<strong>Android<\/strong>,\u00a0<strong>Windows Phone<\/strong>\u00a0and other mobile developers<\/p>\n<p>&nbsp;<\/p>\n<h2 class=\"page-title\">Media Partner<\/h2>\n<hr \/>\n<p><a href=\"http:\/\/programmersinpadua.it\/\"><img decoding=\"async\" loading=\"lazy\" id=\"sponsor-pip\" class=\"alignnone size-thumbnail wp-image-470\" src=\"http:\/\/pragmamark.org\/wp-content\/uploads\/2013\/08\/sponsor-pip.png\" alt=\"Programmers in Padua\" width=\"200\" height=\"78\" \/><\/a><br \/>\n<strong>PiP \u2014 Programmers in Padua.<\/strong><br \/>\n<a href=\"http:\/\/programmersinpadua.it\/\">http:\/\/programmersinpadua.it\/<\/a><\/p>\n<p>Siamo un club di persone che per lavoro e passione si occupano di programmazione, nuove tecnologie e startup. Ci incontriamo una volta al mese in un ambiente aperto e informale, dove sono i partecipanti a proporsi per i talk. Dopo l&#8217;evento, birra e pizza tutti assieme.<\/p>\n<p>&nbsp;<\/p>\n<hr \/>\n<p><em id=\"sponsor-star\">* Se t&#8217;interessa diventare sponsor o media partner, <a href=\"http:\/\/pragmamark.org\/contatti\/\">contattaci\u00a0tramite il form<\/a> oppure inviaci un&#8217;email a <a href=\"mailto:info@pragmamark.org\">info@pragmamark.org<\/a>: ti forniremo tutte le informazioni sui pacchetti di sponsorship e partnership disponibili.<\/em><\/p>\n<p><\/p>","protected":false},"excerpt":{"rendered":"<p>Microsoft \u2014 PayPal Developer &#038; Braintree \u2014 Startapp \u2014 BaasBox \u2014 Superpartes \u2014 Ray Wenderlich \u2014 DuckMa \u2014 NSScreencast \u2014 PixelCut \u2014 GitHub \u2014 JetBrains \u2014 PotaKOI \u2014 O&#8217;Reilly Media \u2014 Appsterdam \u2014 Codemotion \u2014 mdevcon \u2014 Programmers in Padua \u2014 * &nbsp; Platinum Microsoft Developer Network http:\/\/msdn.microsoft.com\/it-it\/ Find all the resources you need to<\/p>\n","protected":false},"author":1,"featured_media":0,"parent":432,"menu_order":0,"comment_status":"closed","ping_status":"open","template":"","meta":[],"aioseo_notices":[],"_links":{"self":[{"href":"https:\/\/pragmamark.org\/it\/wp-json\/wp\/v2\/pages\/1350"}],"collection":[{"href":"https:\/\/pragmamark.org\/it\/wp-json\/wp\/v2\/pages"}],"about":[{"href":"https:\/\/pragmamark.org\/it\/wp-json\/wp\/v2\/types\/page"}],"author":[{"embeddable":true,"href":"https:\/\/pragmamark.org\/it\/wp-json\/wp\/v2\/users\/1"}],"replies":[{"embeddable":true,"href":"https:\/\/pragmamark.org\/it\/wp-json\/wp\/v2\/comments?post=1350"}],"version-history":[{"count":46,"href":"https:\/\/pragmamark.org\/it\/wp-json\/wp\/v2\/pages\/1350\/revisions"}],"predecessor-version":[{"id":1380,"href":"https:\/\/pragmamark.org\/it\/wp-json\/wp\/v2\/pages\/1350\/revisions\/1380"}],"up":[{"embeddable":true,"href":"https:\/\/pragmamark.org\/it\/wp-json\/wp\/v2\/pages\/432"}],"wp:attachment":[{"href":"https:\/\/pragmamark.org\/it\/wp-json\/wp\/v2\/media?parent=1350"}],"curies":[{"name":"wp","href":"https:\/\/api.w.org\/{rel}","templated":true}]}}