{"id":1167,"date":"2014-05-21T23:22:46","date_gmt":"2014-05-21T21:22:46","guid":{"rendered":"http:\/\/pragmamark.org\/?page_id=1167"},"modified":"2014-08-18T15:10:23","modified_gmt":"2014-08-18T13:10:23","slug":"pragma-conference-2014-faq","status":"publish","type":"page","link":"https:\/\/pragmamark.org\/it\/pragma-conference-2014-faq\/","title":{"rendered":"#Pragma Conference 2014 &#8211; Domande Frequenti"},"content":{"rendered":"<p><a href=\"https:\/\/pragmamark.org\/it\/events\/pragma-conference-2014\/\">< Torna alla pagina dell'evento<\/a> | <a href=\"#programma\">Programma<\/a> | <a href=\"#contenuti\">Contenuti<\/a> | <a href=\"#biglietti\">Biglietti<\/a><\/p>\n<p>Alcune informazioni aggiuntive sull&#8217;evento.<\/p>\n<h2 id=\"programma\">Programma<\/h2>\n<h3>Come \u00e8 strutturato il Workshop Day?<\/h3>\n<p>Il Workshop Day prevede<span style=\"color: #444444;\">\u00a0dalle 2 alle 4 lezioni frontali e laboratori pratici<\/span>. Un singolo\u00a0workshop tratter\u00e0 un unico tema in modo verticale (es. Core Data, SpriteKit, Auto Layout, etc) e avr\u00e0 una durata\u00a0di 3 ore oppure di 6 ore. Per mantenere alta la qualit\u00e0, i\u00a0workshop sono a numero chiuso. Acquistando il biglietto Workshop Day si avr\u00e0 accesso a tutti i workshop in programma.<\/p>\n<h3>Come \u00e8 strutturato il Conference Day?<\/h3>\n<p>Il format del Conference Day seguir\u00e0 fedelmente quanto gi\u00e0 fatto nell&#8217;edizione precedente. Sono previste 2 track parallele, 8 talk per ogni track per un totale di 16 talks. Ogni talk durer\u00e0 50\u00a0minuti, ci sar\u00e0 una pausa pranzo e pause caff\u00e8.<\/p>\n<h3>Quali saranno gli argomenti trattati?<\/h3>\n<p>Come nell&#8217;edizione precedente l&#8217;intenzione \u00e8 di coprire quanti\u00a0pi\u00f9 argomenti possibili, cercando di focalizzarci sui\u00a0topic pi\u00f9 interessanti e difficili. Grazie anche ai feedback, raccolti negli eventi precedenti, abbiamo individuato una rosa di temi che cercheremo di trattate in modo adeguato.<\/p>\n<h3>Ci saranno le novit\u00e0 della WWDC 2014?<\/h3>\n<p>Se, come molto probabile, le novit\u00e0 dell&#8217;SDK non saranno pi\u00f9 sotto NDA, abbiamo in previsione delle sessioni dedicate ai nuovi temi e ad iOS 8. Purtroppo non possiamo garantire che Apple rilasci\u00a0in tempo la nuova versione dell&#8217;SDK.<\/p>\n<h3>Quando verr\u00e0 pubblicato il programma?<\/h3>\n<p>La pubblicazione del programma, per entrambi i giorni, \u00e8 previsto per il <strong>1 Agosto 2014<\/strong>, salvo imprevisti. In questa data ufficializzeremo sia i nomi degli <strong>speaker<\/strong>, che hanno confermato la loro presenza, sia l&#8217;elenco dei <strong>talk<\/strong> e dei <strong>workshop<\/strong> nei due giorni dell&#8217;evento.<\/p>\n<h2 id=\"contenuti\">Contenuti<\/h2>\n<h3>L&#8217;evento sar\u00e0\u00a0in italiano o in inglese?<\/h3>\n<p>Sia i workshop che i talk della conferenza saranno in inglese.<\/p>\n<h3>Qual \u00e8 il livello per poter seguire le sessioni?<\/h3>\n<p>Le sessioni nei due giorni saranno principalmente di livello intermedio o avanzato. Sono previsti alcuni talk di livello introduttivo su argomenti nuovi esposti\u00a0alla WWDC 2014.<\/p>\n<h3>Devo\/Posso portare il mio portatile?<\/h3>\n<p>Se partecipi al Workshop Day puoi (e dovresti) avere il portatile per poter seguire in modo proficuo le sessioni. In questa giornata le aule saranno allestite in modo da\u00a0fornire una postazione fissa ad ogni\u00a0partecipante. Viceversa al Conference Day le sale saranno allestite a teatro e non verr\u00e0 fornita una postazione. Per questo motivo sconsigliamo l&#8217;utilizzo del portatile al Conference Day anche se rimane la possibilit\u00e0 averlo con s\u00e8.<\/p>\n<h2 id=\"biglietti\">Biglietti<\/h2>\n<h3>Devo acquistare due biglietti?<\/h3>\n<p>Per poter accedere sia alla giornata dei workshop che alla conferenza \u00e8 necessario acquistare due biglietti distinti. Non c&#8217;\u00e8 per\u00f2 nessun vincolo\u00a0di acquisto in blocco. E&#8217; infatti possibile acquistare solo il biglietto per il <strong>Workshop Day<\/strong>, solo il biglietto per il <strong>Conference Day<\/strong> o entrambi.<\/p>\n<h3>Posso ricevere fattura del biglietto?<\/h3>\n<p>Come associazione possiamo emettere una ricevuta fiscale fuori campo Iva ai sensi dell\u2019art. 4, comma 4, D.P.R. 633\/72. E&#8217; possibile\u00a0richiedere la ricevuta in\u00a0fase di acquisto biglietto.<\/p>","protected":false},"excerpt":{"rendered":"<p>< Torna alla pagina dell'evento | Programma | Contenuti | Biglietti Alcune informazioni aggiuntive sull&#8217;evento. Programma Come \u00e8 strutturato il Workshop Day? Il Workshop Day prevede\u00a0dalle 2 alle 4 lezioni frontali e laboratori pratici. Un singolo\u00a0workshop tratter\u00e0 un unico tema in modo verticale (es. Core Data, SpriteKit, Auto Layout, etc) e avr\u00e0 una durata\u00a0di 3\n<\/p>\n","protected":false},"author":1,"featured_media":0,"parent":0,"menu_order":0,"comment_status":"closed","ping_status":"open","template":"","meta":[],"aioseo_notices":[],"_links":{"self":[{"href":"https:\/\/pragmamark.org\/it\/wp-json\/wp\/v2\/pages\/1167"}],"collection":[{"href":"https:\/\/pragmamark.org\/it\/wp-json\/wp\/v2\/pages"}],"about":[{"href":"https:\/\/pragmamark.org\/it\/wp-json\/wp\/v2\/types\/page"}],"author":[{"embeddable":true,"href":"https:\/\/pragmamark.org\/it\/wp-json\/wp\/v2\/users\/1"}],"replies":[{"embeddable":true,"href":"https:\/\/pragmamark.org\/it\/wp-json\/wp\/v2\/comments?post=1167"}],"version-history":[{"count":44,"href":"https:\/\/pragmamark.org\/it\/wp-json\/wp\/v2\/pages\/1167\/revisions"}],"predecessor-version":[{"id":1473,"href":"https:\/\/pragmamark.org\/it\/wp-json\/wp\/v2\/pages\/1167\/revisions\/1473"}],"wp:attachment":[{"href":"https:\/\/pragmamark.org\/it\/wp-json\/wp\/v2\/media?parent=1167"}],"curies":[{"name":"wp","href":"https:\/\/api.w.org\/{rel}","templated":true}]}}